{"id":83,"date":"2024-11-23T21:15:05","date_gmt":"2024-11-23T20:15:05","guid":{"rendered":"https:\/\/praxis-kubacek.at\/?page_id=83"},"modified":"2024-12-21T20:57:17","modified_gmt":"2024-12-21T19:57:17","slug":"impressum","status":"publish","type":"page","link":"https:\/\/praxis-kubacek.at\/index.php\/impressum\/","title":{"rendered":"Impressum"},"content":{"rendered":"<p><strong>Impressum \u2013 Wer ist f\u00fcr die Website verantwortlich?<\/strong><\/p>\n<p><strong>Offenlegung gem\u00e4\u00df MedienG und E-Commerce Gesetz<\/strong><\/p>\n<p><strong>F\u00fcr den Inhalt verantwortlich<br \/>\n<\/strong>Mag. Martina Kubacek<br \/>\nFotos: Angelika Schmid, BSc.<br \/>\nWebsite: Dipl.-Ing. Roman Schmid BSc.<\/p>\n<p><strong>Anschrift<\/strong><br \/>\nSchweizertalstra\u00dfe 13\/5, 1130 Wien<\/p>\n<p><strong>Kontaktdaten<\/strong><br \/>\nTelefon: +43 (0) 670 190 8908<br \/>\nE-Mail: praxis-kubacek@gmx.at<\/p>\n<p><strong>Berufsbezeichnung<\/strong><br \/>\nPsychotherapeutin in Ausbildung unter Supervision<\/p>\n<p><strong>Aufsichtsbeh\u00f6rde<\/strong><br \/>\nWiener psychoanalytische Akademie<\/p>\n<p>Gesetzliche Grundlage: Psychotherapiegesetz (RIS \u2013 Rechtsinformationssystem des Bundes)<\/p>\n<p><strong>Mitgliedschaft<br \/>\n<\/strong>\u00d6BVP \u2013 \u00d6sterreichischer Bundesverband f\u00fcr Psychotherapie<br \/>\nVerein f\u00fcr Psychoanalytisch Orientierte Psychotherapie<\/p>\n<p><strong>Rechtliche Hinweise<\/strong><br \/>\nDiese Webseite in ihrer Gesamtheit sowie alle Texte, Fotos und Grafiken sind urheberrechtlich gesch\u00fctzt. Sie dienen nur der pers\u00f6nlichen Information. Jede weitere, insbesondere gewerbliche Nutzung ohne explizite Zustimmung des Medieninhabers ist untersagt.<br \/>\nIm Hinblick auf die technischen Eigenschaften des Internet kann keine Gew\u00e4hr f\u00fcr die Authentizit\u00e4t, Richtigkeit und Vollst\u00e4ndigkeit der im Internet zur Verf\u00fcgung gestellten Informationen \u00fcbernommen werden. Es wird auch keine Gew\u00e4hr f\u00fcr die Verf\u00fcgbarkeit oder den Betrieb der gegenst\u00e4ndlichen Homepage und ihrer Inhalte \u00fcbernommen. Jede Haftung f\u00fcr unmittelbare, mittelbare oder sonstige Sch\u00e4den, unabh\u00e4ngig von deren Ursachen, die aus der Benutzung oder Nichtverf\u00fcgbarkeit der Daten und Informationen dieser Homepage erwachsen, wird, soweit rechtlich zul\u00e4ssig, ausgeschlossen.<br \/>\nF\u00fcr Links kann hinsichtlich Funktion und Inhalt keine Verantwortung \u00fcbernommen werden.<\/p>\n","protected":false},"excerpt":{"rendered":"<p>Impressum \u2013 Wer ist f\u00fcr die Website verantwortlich? Offenlegung gem\u00e4\u00df MedienG und E-Commerce Gesetz F\u00fcr den Inhalt verantwortlich Mag. Martina Kubacek Fotos: Angelika Schmid, BSc. Website: Dipl.-Ing. Roman Schmid BSc. Anschrift Schweizertalstra\u00dfe 13\/5, 1130 Wien Kontaktdaten Telefon: +43 (0) 670 190 8908 E-Mail: praxis-kubacek@gmx.at Berufsbezeichnung Psychotherapeutin in Ausbildung unter Supervision [&hellip;]<\/p>\n","protected":false},"author":1,"featured_media":0,"parent":0,"menu_order":0,"comment_status":"closed","ping_status":"closed","template":"","meta":{"_themeisle_gutenberg_block_has_review":false,"footnotes":""},"class_list":["post-83","page","type-page","status-publish","hentry"],"yoast_head":"<!-- This site is optimized with the Yoast SEO plugin v27.5 - https:\/\/yoast.com\/product\/yoast-seo-wordpress\/ -->\n<title>Impressum - Mag. Martina Kubacek<\/title>\n<meta name=\"description\" content=\"Psychotherapie in 1130 Wien\" \/>\n<meta name=\"robots\" content=\"index, follow, max-snippet:-1, max-image-preview:large, max-video-preview:-1\" \/>\n<link rel=\"canonical\" href=\"https:\/\/praxis-kubacek.at\/index.php\/impressum\/\" \/>\n<meta property=\"og:locale\" content=\"de_DE\" \/>\n<meta property=\"og:type\" content=\"article\" \/>\n<meta property=\"og:title\" content=\"Impressum - Mag. Martina Kubacek\" \/>\n<meta property=\"og:description\" content=\"Psychotherapie in 1130 Wien\" \/>\n<meta property=\"og:url\" content=\"https:\/\/praxis-kubacek.at\/index.php\/impressum\/\" \/>\n<meta property=\"og:site_name\" content=\"Mag. Martina Kubacek\" \/>\n<meta property=\"article:modified_time\" content=\"2024-12-21T19:57:17+00:00\" \/>\n<meta name=\"twitter:card\" content=\"summary_large_image\" \/>\n<meta name=\"twitter:label1\" content=\"Gesch\u00e4tzte Lesezeit\" \/>\n\t<meta name=\"twitter:data1\" content=\"1 Minute\" \/>\n<script type=\"application\/ld+json\" class=\"yoast-schema-graph\">{\"@context\":\"https:\\\/\\\/schema.org\",\"@graph\":[{\"@type\":\"WebPage\",\"@id\":\"https:\\\/\\\/praxis-kubacek.at\\\/index.php\\\/impressum\\\/\",\"url\":\"https:\\\/\\\/praxis-kubacek.at\\\/index.php\\\/impressum\\\/\",\"name\":\"Impressum - Mag. Martina Kubacek\",\"isPartOf\":{\"@id\":\"https:\\\/\\\/praxis-kubacek.at\\\/#website\"},\"datePublished\":\"2024-11-23T20:15:05+00:00\",\"dateModified\":\"2024-12-21T19:57:17+00:00\",\"description\":\"Psychotherapie in 1130 Wien\",\"breadcrumb\":{\"@id\":\"https:\\\/\\\/praxis-kubacek.at\\\/index.php\\\/impressum\\\/#breadcrumb\"},\"inLanguage\":\"de-AT\",\"potentialAction\":[{\"@type\":\"ReadAction\",\"target\":[\"https:\\\/\\\/praxis-kubacek.at\\\/index.php\\\/impressum\\\/\"]}]},{\"@type\":\"BreadcrumbList\",\"@id\":\"https:\\\/\\\/praxis-kubacek.at\\\/index.php\\\/impressum\\\/#breadcrumb\",\"itemListElement\":[{\"@type\":\"ListItem\",\"position\":1,\"name\":\"Startseite\",\"item\":\"https:\\\/\\\/praxis-kubacek.at\\\/\"},{\"@type\":\"ListItem\",\"position\":2,\"name\":\"Impressum\"}]},{\"@type\":\"WebSite\",\"@id\":\"https:\\\/\\\/praxis-kubacek.at\\\/#website\",\"url\":\"https:\\\/\\\/praxis-kubacek.at\\\/\",\"name\":\"Mag. Martina Kubacek\",\"description\":\"\",\"publisher\":{\"@id\":\"https:\\\/\\\/praxis-kubacek.at\\\/#\\\/schema\\\/person\\\/2d80395b42fc0839c41d0d1e31eeed90\"},\"alternateName\":\"Psychotherapeutin in Ausbildung unter Supervision\",\"potentialAction\":[{\"@type\":\"SearchAction\",\"target\":{\"@type\":\"EntryPoint\",\"urlTemplate\":\"https:\\\/\\\/praxis-kubacek.at\\\/?s={search_term_string}\"},\"query-input\":{\"@type\":\"PropertyValueSpecification\",\"valueRequired\":true,\"valueName\":\"search_term_string\"}}],\"inLanguage\":\"de-AT\"},{\"@type\":[\"Person\",\"Organization\"],\"@id\":\"https:\\\/\\\/praxis-kubacek.at\\\/#\\\/schema\\\/person\\\/2d80395b42fc0839c41d0d1e31eeed90\",\"name\":\"Martina\",\"image\":{\"@type\":\"ImageObject\",\"inLanguage\":\"de-AT\",\"@id\":\"https:\\\/\\\/praxis-kubacek.at\\\/wp-content\\\/uploads\\\/2024\\\/11\\\/logo-martina-kubacek-corr.png\",\"url\":\"https:\\\/\\\/praxis-kubacek.at\\\/wp-content\\\/uploads\\\/2024\\\/11\\\/logo-martina-kubacek-corr.png\",\"contentUrl\":\"https:\\\/\\\/praxis-kubacek.at\\\/wp-content\\\/uploads\\\/2024\\\/11\\\/logo-martina-kubacek-corr.png\",\"width\":1500,\"height\":244,\"caption\":\"Martina\"},\"logo\":{\"@id\":\"https:\\\/\\\/praxis-kubacek.at\\\/wp-content\\\/uploads\\\/2024\\\/11\\\/logo-martina-kubacek-corr.png\"}}]}<\/script>\n<!-- \/ Yoast SEO plugin. -->","yoast_head_json":{"title":"Impressum - Mag. Martina Kubacek","description":"Psychotherapie in 1130 Wien","robots":{"index":"index","follow":"follow","max-snippet":"max-snippet:-1","max-image-preview":"max-image-preview:large","max-video-preview":"max-video-preview:-1"},"canonical":"https:\/\/praxis-kubacek.at\/index.php\/impressum\/","og_locale":"de_DE","og_type":"article","og_title":"Impressum - Mag. Martina Kubacek","og_description":"Psychotherapie in 1130 Wien","og_url":"https:\/\/praxis-kubacek.at\/index.php\/impressum\/","og_site_name":"Mag. Martina Kubacek","article_modified_time":"2024-12-21T19:57:17+00:00","twitter_card":"summary_large_image","twitter_misc":{"Gesch\u00e4tzte Lesezeit":"1 Minute"},"schema":{"@context":"https:\/\/schema.org","@graph":[{"@type":"WebPage","@id":"https:\/\/praxis-kubacek.at\/index.php\/impressum\/","url":"https:\/\/praxis-kubacek.at\/index.php\/impressum\/","name":"Impressum - Mag. Martina Kubacek","isPartOf":{"@id":"https:\/\/praxis-kubacek.at\/#website"},"datePublished":"2024-11-23T20:15:05+00:00","dateModified":"2024-12-21T19:57:17+00:00","description":"Psychotherapie in 1130 Wien","breadcrumb":{"@id":"https:\/\/praxis-kubacek.at\/index.php\/impressum\/#breadcrumb"},"inLanguage":"de-AT","potentialAction":[{"@type":"ReadAction","target":["https:\/\/praxis-kubacek.at\/index.php\/impressum\/"]}]},{"@type":"BreadcrumbList","@id":"https:\/\/praxis-kubacek.at\/index.php\/impressum\/#breadcrumb","itemListElement":[{"@type":"ListItem","position":1,"name":"Startseite","item":"https:\/\/praxis-kubacek.at\/"},{"@type":"ListItem","position":2,"name":"Impressum"}]},{"@type":"WebSite","@id":"https:\/\/praxis-kubacek.at\/#website","url":"https:\/\/praxis-kubacek.at\/","name":"Mag. Martina Kubacek","description":"","publisher":{"@id":"https:\/\/praxis-kubacek.at\/#\/schema\/person\/2d80395b42fc0839c41d0d1e31eeed90"},"alternateName":"Psychotherapeutin in Ausbildung unter Supervision","potentialAction":[{"@type":"SearchAction","target":{"@type":"EntryPoint","urlTemplate":"https:\/\/praxis-kubacek.at\/?s={search_term_string}"},"query-input":{"@type":"PropertyValueSpecification","valueRequired":true,"valueName":"search_term_string"}}],"inLanguage":"de-AT"},{"@type":["Person","Organization"],"@id":"https:\/\/praxis-kubacek.at\/#\/schema\/person\/2d80395b42fc0839c41d0d1e31eeed90","name":"Martina","image":{"@type":"ImageObject","inLanguage":"de-AT","@id":"https:\/\/praxis-kubacek.at\/wp-content\/uploads\/2024\/11\/logo-martina-kubacek-corr.png","url":"https:\/\/praxis-kubacek.at\/wp-content\/uploads\/2024\/11\/logo-martina-kubacek-corr.png","contentUrl":"https:\/\/praxis-kubacek.at\/wp-content\/uploads\/2024\/11\/logo-martina-kubacek-corr.png","width":1500,"height":244,"caption":"Martina"},"logo":{"@id":"https:\/\/praxis-kubacek.at\/wp-content\/uploads\/2024\/11\/logo-martina-kubacek-corr.png"}}]}},"_links":{"self":[{"href":"https:\/\/praxis-kubacek.at\/index.php\/wp-json\/wp\/v2\/pages\/83","targetHints":{"allow":["GET"]}}],"collection":[{"href":"https:\/\/praxis-kubacek.at\/index.php\/wp-json\/wp\/v2\/pages"}],"about":[{"href":"https:\/\/praxis-kubacek.at\/index.php\/wp-json\/wp\/v2\/types\/page"}],"author":[{"embeddable":true,"href":"https:\/\/praxis-kubacek.at\/index.php\/wp-json\/wp\/v2\/users\/1"}],"replies":[{"embeddable":true,"href":"https:\/\/praxis-kubacek.at\/index.php\/wp-json\/wp\/v2\/comments?post=83"}],"version-history":[{"count":8,"href":"https:\/\/praxis-kubacek.at\/index.php\/wp-json\/wp\/v2\/pages\/83\/revisions"}],"predecessor-version":[{"id":139,"href":"https:\/\/praxis-kubacek.at\/index.php\/wp-json\/wp\/v2\/pages\/83\/revisions\/139"}],"wp:attachment":[{"href":"https:\/\/praxis-kubacek.at\/index.php\/wp-json\/wp\/v2\/media?parent=83"}],"curies":[{"name":"wp","href":"https:\/\/api.w.org\/{rel}","templated":true}]}}