{"id":8,"date":"2024-10-15T21:01:05","date_gmt":"2024-10-15T19:01:05","guid":{"rendered":"https:\/\/praxis-kubacek.at\/?page_id=8"},"modified":"2026-05-08T20:56:05","modified_gmt":"2026-05-08T18:56:05","slug":"psychotherapie","status":"publish","type":"page","link":"https:\/\/praxis-kubacek.at\/index.php\/psychotherapie\/","title":{"rendered":"Psychotherapie"},"content":{"rendered":"<p><img loading=\"lazy\" decoding=\"async\" src=\"https:\/\/praxis-kubacek.at\/wp-content\/uploads\/2024\/12\/prkub655-scaled.jpg\" alt=\"\" width=\"2560\" height=\"1706\" class=\"alignnone wp-image-132 size-full\" srcset=\"https:\/\/praxis-kubacek.at\/wp-content\/uploads\/2024\/12\/prkub655-scaled.jpg 2560w, https:\/\/praxis-kubacek.at\/wp-content\/uploads\/2024\/12\/prkub655-300x200.jpg 300w, https:\/\/praxis-kubacek.at\/wp-content\/uploads\/2024\/12\/prkub655-1024x683.jpg 1024w, https:\/\/praxis-kubacek.at\/wp-content\/uploads\/2024\/12\/prkub655-768x512.jpg 768w, https:\/\/praxis-kubacek.at\/wp-content\/uploads\/2024\/12\/prkub655-1536x1024.jpg 1536w, https:\/\/praxis-kubacek.at\/wp-content\/uploads\/2024\/12\/prkub655-2048x1365.jpg 2048w, https:\/\/praxis-kubacek.at\/wp-content\/uploads\/2024\/12\/prkub655-360x240.jpg 360w\" sizes=\"auto, (max-width: 2560px) 100vw, 2560px\" \/><\/p>\n<p>&nbsp;<\/p>\n<p><strong>Herzlich willkommen in meiner Praxis!<\/strong><\/p>\n<p>In unserem Leben gibt es immer wieder Situationen und Phasen, in denen wir uns Unterst\u00fctzung w\u00fcnschen.<\/p>\n<p>Ich begleite Sie gerne auf diesem Weg mit einer Psychotherapie (psychoanalytisch orientiert).<\/p>\n<p>&nbsp;<\/p>\n<p><strong>Was ist psychoanalytisch orientierte Psychotherapie?<\/strong><\/p>\n<p>Jeder Mensch wird durch Ereignisse, Erfahrungen und sein soziales Umfeld gepr\u00e4gt. Besonders bedeutend sind dabei die Kindheit und die engsten Bezugspersonen. Viele Verhaltensmuster haben wir in unseren ersten Lebensjahren gelernt und angenommen, ohne uns dessen bewusst zu sein. Genau diese unbewussten Anteile k\u00f6nnen unser Leben erleichtern, aber leider auch oft erschweren. In jedem Fall beeinflussen sie unseren Alltag, wie wir handeln und wie wir unsere Beziehungen gestalten.<\/p>\n<p>In der psychoanalytisch orientierten Psychotherapie versuchen wir gemeinsam diese unbewussten Muster aufzusp\u00fcren mit dem Ziel, durch ein besseres Verst\u00e4ndnis dieser Verhaltensmuster eine Entwicklung anzusto\u00dfen und dadurch ein leichteres und erf\u00fcllteres Leben zu erm\u00f6glichen. Die Beziehung zwischen Therapeut(in) und Patient(in) ist auf diesem gemeinsamen Weg von gro\u00dfer Bedeutung.<\/p>\n<p>&nbsp;<\/p>\n<p><strong>Bei welchen Themen kann Psychotherapie hilfreich sein?<\/strong><\/p>\n<p>Psychotherapie kann immer dann hilfreich sein, wenn Sie unter psychischen Einschr\u00e4nkungen und Problemen im Alltag leiden und\/oder wenn Sie in Ihrem Leben etwas ver\u00e4ndern und Ihre Lebensqualit\u00e4t verbessern m\u00f6chten.<\/p>\n<p>&nbsp;<\/p>\n<p><strong>Beispiele f\u00fcr Themen, bei denen <\/strong><strong>Unterst\u00fctzung hilfreich sein kann<\/strong><\/p>\n<div class=\"su-row\"><div class=\"su-column su-column-size-1-2\"><div class=\"su-column-inner su-u-clearfix su-u-trim\">\n<ul>\n<li>\u00c4ngste<\/li>\n<li>Antriebslosigkeit<\/li>\n<li>Arbeit und Beruf<\/li>\n<li>Ausbildung und Studium<\/li>\n<li>Beziehungen<\/li>\n<li>Burnout<\/li>\n<li>Depression<\/li>\n<li>Ersch\u00f6pfung<\/li>\n<li>Innere Unruhe<\/li>\n<li>Konflikte<\/li>\n<li>Konzentrationsst\u00f6rungen<\/li>\n<li>Lernschwierigkeiten<\/li>\n<\/ul>\n<\/div><\/div><div class=\"su-column su-column-size-1-2\"><div class=\"su-column-inner su-u-clearfix su-u-trim\">\n<ul>\n<li>Pers\u00f6nlichkeitsentwicklung<\/li>\n<li>Probleme in Familie, Partnerschaft, Beruf, sozialem Umfeld<\/li>\n<li>Psychosomatische Beschwerden<\/li>\n<li>Schlafst\u00f6rungen<\/li>\n<li>Selbstwert<\/li>\n<li>Sinnfragen<\/li>\n<li>Stress<\/li>\n<li>Unzufriedenheit<\/li>\n<li>Ver\u00e4nderungen (vergangene und\/oder bevorstehende)<\/li>\n<li>Verlust\/Trauer<\/li>\n<\/ul>\n<\/div><\/div><\/div>\n","protected":false},"excerpt":{"rendered":"<p>&nbsp; Herzlich willkommen in meiner Praxis! In unserem Leben gibt es immer wieder Situationen und Phasen, in denen wir uns Unterst\u00fctzung w\u00fcnschen. Ich begleite Sie gerne auf diesem Weg mit einer Psychotherapie (psychoanalytisch orientiert). &nbsp; Was ist psychoanalytisch orientierte Psychotherapie? Jeder Mensch wird durch Ereignisse, Erfahrungen und sein soziales Umfeld [&hellip;]<\/p>\n","protected":false},"author":1,"featured_media":0,"parent":0,"menu_order":0,"comment_status":"closed","ping_status":"closed","template":"","meta":{"_themeisle_gutenberg_block_has_review":false,"footnotes":""},"class_list":["post-8","page","type-page","status-publish","hentry"],"yoast_head":"<!-- This site is optimized with the Yoast SEO plugin v27.5 - https:\/\/yoast.com\/product\/yoast-seo-wordpress\/ -->\n<title>Psychotherapie - Mag. Martina Kubacek<\/title>\n<meta name=\"description\" content=\"Psychotherapie in 1130 Wien\" \/>\n<meta name=\"robots\" content=\"index, follow, max-snippet:-1, max-image-preview:large, max-video-preview:-1\" \/>\n<link rel=\"canonical\" href=\"https:\/\/praxis-kubacek.at\/index.php\/psychotherapie\/\" \/>\n<meta property=\"og:locale\" content=\"de_DE\" \/>\n<meta property=\"og:type\" content=\"article\" \/>\n<meta property=\"og:title\" content=\"Psychotherapie - Mag. Martina Kubacek\" \/>\n<meta property=\"og:description\" content=\"Psychotherapie in 1130 Wien\" \/>\n<meta property=\"og:url\" content=\"https:\/\/praxis-kubacek.at\/index.php\/psychotherapie\/\" \/>\n<meta property=\"og:site_name\" content=\"Mag. Martina Kubacek\" \/>\n<meta property=\"article:modified_time\" content=\"2026-05-08T18:56:05+00:00\" \/>\n<meta property=\"og:image\" content=\"https:\/\/praxis-kubacek.at\/wp-content\/uploads\/2024\/12\/prkub655-scaled.jpg\" \/>\n\t<meta property=\"og:image:width\" content=\"2560\" \/>\n\t<meta property=\"og:image:height\" content=\"1706\" \/>\n\t<meta property=\"og:image:type\" content=\"image\/jpeg\" \/>\n<meta name=\"twitter:card\" content=\"summary_large_image\" \/>\n<meta name=\"twitter:label1\" content=\"Gesch\u00e4tzte Lesezeit\" \/>\n\t<meta name=\"twitter:data1\" content=\"2 Minuten\" \/>\n<script type=\"application\/ld+json\" class=\"yoast-schema-graph\">{\"@context\":\"https:\\\/\\\/schema.org\",\"@graph\":[{\"@type\":\"WebPage\",\"@id\":\"https:\\\/\\\/praxis-kubacek.at\\\/index.php\\\/psychotherapie\\\/\",\"url\":\"https:\\\/\\\/praxis-kubacek.at\\\/index.php\\\/psychotherapie\\\/\",\"name\":\"Psychotherapie - Mag. Martina Kubacek\",\"isPartOf\":{\"@id\":\"https:\\\/\\\/praxis-kubacek.at\\\/#website\"},\"primaryImageOfPage\":{\"@id\":\"https:\\\/\\\/praxis-kubacek.at\\\/index.php\\\/psychotherapie\\\/#primaryimage\"},\"image\":{\"@id\":\"https:\\\/\\\/praxis-kubacek.at\\\/index.php\\\/psychotherapie\\\/#primaryimage\"},\"thumbnailUrl\":\"https:\\\/\\\/praxis-kubacek.at\\\/wp-content\\\/uploads\\\/2024\\\/12\\\/prkub655-scaled.jpg\",\"datePublished\":\"2024-10-15T19:01:05+00:00\",\"dateModified\":\"2026-05-08T18:56:05+00:00\",\"description\":\"Psychotherapie in 1130 Wien\",\"breadcrumb\":{\"@id\":\"https:\\\/\\\/praxis-kubacek.at\\\/index.php\\\/psychotherapie\\\/#breadcrumb\"},\"inLanguage\":\"de-AT\",\"potentialAction\":[{\"@type\":\"ReadAction\",\"target\":[\"https:\\\/\\\/praxis-kubacek.at\\\/index.php\\\/psychotherapie\\\/\"]}]},{\"@type\":\"ImageObject\",\"inLanguage\":\"de-AT\",\"@id\":\"https:\\\/\\\/praxis-kubacek.at\\\/index.php\\\/psychotherapie\\\/#primaryimage\",\"url\":\"https:\\\/\\\/praxis-kubacek.at\\\/wp-content\\\/uploads\\\/2024\\\/12\\\/prkub655-scaled.jpg\",\"contentUrl\":\"https:\\\/\\\/praxis-kubacek.at\\\/wp-content\\\/uploads\\\/2024\\\/12\\\/prkub655-scaled.jpg\",\"width\":2560,\"height\":1706},{\"@type\":\"BreadcrumbList\",\"@id\":\"https:\\\/\\\/praxis-kubacek.at\\\/index.php\\\/psychotherapie\\\/#breadcrumb\",\"itemListElement\":[{\"@type\":\"ListItem\",\"position\":1,\"name\":\"Startseite\",\"item\":\"https:\\\/\\\/praxis-kubacek.at\\\/\"},{\"@type\":\"ListItem\",\"position\":2,\"name\":\"Psychotherapie\"}]},{\"@type\":\"WebSite\",\"@id\":\"https:\\\/\\\/praxis-kubacek.at\\\/#website\",\"url\":\"https:\\\/\\\/praxis-kubacek.at\\\/\",\"name\":\"Mag. Martina Kubacek\",\"description\":\"\",\"publisher\":{\"@id\":\"https:\\\/\\\/praxis-kubacek.at\\\/#\\\/schema\\\/person\\\/2d80395b42fc0839c41d0d1e31eeed90\"},\"alternateName\":\"Psychotherapeutin in Ausbildung unter Supervision\",\"potentialAction\":[{\"@type\":\"SearchAction\",\"target\":{\"@type\":\"EntryPoint\",\"urlTemplate\":\"https:\\\/\\\/praxis-kubacek.at\\\/?s={search_term_string}\"},\"query-input\":{\"@type\":\"PropertyValueSpecification\",\"valueRequired\":true,\"valueName\":\"search_term_string\"}}],\"inLanguage\":\"de-AT\"},{\"@type\":[\"Person\",\"Organization\"],\"@id\":\"https:\\\/\\\/praxis-kubacek.at\\\/#\\\/schema\\\/person\\\/2d80395b42fc0839c41d0d1e31eeed90\",\"name\":\"Martina\",\"image\":{\"@type\":\"ImageObject\",\"inLanguage\":\"de-AT\",\"@id\":\"https:\\\/\\\/praxis-kubacek.at\\\/wp-content\\\/uploads\\\/2024\\\/11\\\/logo-martina-kubacek-corr.png\",\"url\":\"https:\\\/\\\/praxis-kubacek.at\\\/wp-content\\\/uploads\\\/2024\\\/11\\\/logo-martina-kubacek-corr.png\",\"contentUrl\":\"https:\\\/\\\/praxis-kubacek.at\\\/wp-content\\\/uploads\\\/2024\\\/11\\\/logo-martina-kubacek-corr.png\",\"width\":1500,\"height\":244,\"caption\":\"Martina\"},\"logo\":{\"@id\":\"https:\\\/\\\/praxis-kubacek.at\\\/wp-content\\\/uploads\\\/2024\\\/11\\\/logo-martina-kubacek-corr.png\"}}]}<\/script>\n<!-- \/ Yoast SEO plugin. -->","yoast_head_json":{"title":"Psychotherapie - Mag. Martina Kubacek","description":"Psychotherapie in 1130 Wien","robots":{"index":"index","follow":"follow","max-snippet":"max-snippet:-1","max-image-preview":"max-image-preview:large","max-video-preview":"max-video-preview:-1"},"canonical":"https:\/\/praxis-kubacek.at\/index.php\/psychotherapie\/","og_locale":"de_DE","og_type":"article","og_title":"Psychotherapie - Mag. Martina Kubacek","og_description":"Psychotherapie in 1130 Wien","og_url":"https:\/\/praxis-kubacek.at\/index.php\/psychotherapie\/","og_site_name":"Mag. Martina Kubacek","article_modified_time":"2026-05-08T18:56:05+00:00","og_image":[{"width":2560,"height":1706,"url":"https:\/\/praxis-kubacek.at\/wp-content\/uploads\/2024\/12\/prkub655-scaled.jpg","type":"image\/jpeg"}],"twitter_card":"summary_large_image","twitter_misc":{"Gesch\u00e4tzte Lesezeit":"2 Minuten"},"schema":{"@context":"https:\/\/schema.org","@graph":[{"@type":"WebPage","@id":"https:\/\/praxis-kubacek.at\/index.php\/psychotherapie\/","url":"https:\/\/praxis-kubacek.at\/index.php\/psychotherapie\/","name":"Psychotherapie - Mag. Martina Kubacek","isPartOf":{"@id":"https:\/\/praxis-kubacek.at\/#website"},"primaryImageOfPage":{"@id":"https:\/\/praxis-kubacek.at\/index.php\/psychotherapie\/#primaryimage"},"image":{"@id":"https:\/\/praxis-kubacek.at\/index.php\/psychotherapie\/#primaryimage"},"thumbnailUrl":"https:\/\/praxis-kubacek.at\/wp-content\/uploads\/2024\/12\/prkub655-scaled.jpg","datePublished":"2024-10-15T19:01:05+00:00","dateModified":"2026-05-08T18:56:05+00:00","description":"Psychotherapie in 1130 Wien","breadcrumb":{"@id":"https:\/\/praxis-kubacek.at\/index.php\/psychotherapie\/#breadcrumb"},"inLanguage":"de-AT","potentialAction":[{"@type":"ReadAction","target":["https:\/\/praxis-kubacek.at\/index.php\/psychotherapie\/"]}]},{"@type":"ImageObject","inLanguage":"de-AT","@id":"https:\/\/praxis-kubacek.at\/index.php\/psychotherapie\/#primaryimage","url":"https:\/\/praxis-kubacek.at\/wp-content\/uploads\/2024\/12\/prkub655-scaled.jpg","contentUrl":"https:\/\/praxis-kubacek.at\/wp-content\/uploads\/2024\/12\/prkub655-scaled.jpg","width":2560,"height":1706},{"@type":"BreadcrumbList","@id":"https:\/\/praxis-kubacek.at\/index.php\/psychotherapie\/#breadcrumb","itemListElement":[{"@type":"ListItem","position":1,"name":"Startseite","item":"https:\/\/praxis-kubacek.at\/"},{"@type":"ListItem","position":2,"name":"Psychotherapie"}]},{"@type":"WebSite","@id":"https:\/\/praxis-kubacek.at\/#website","url":"https:\/\/praxis-kubacek.at\/","name":"Mag. Martina Kubacek","description":"","publisher":{"@id":"https:\/\/praxis-kubacek.at\/#\/schema\/person\/2d80395b42fc0839c41d0d1e31eeed90"},"alternateName":"Psychotherapeutin in Ausbildung unter Supervision","potentialAction":[{"@type":"SearchAction","target":{"@type":"EntryPoint","urlTemplate":"https:\/\/praxis-kubacek.at\/?s={search_term_string}"},"query-input":{"@type":"PropertyValueSpecification","valueRequired":true,"valueName":"search_term_string"}}],"inLanguage":"de-AT"},{"@type":["Person","Organization"],"@id":"https:\/\/praxis-kubacek.at\/#\/schema\/person\/2d80395b42fc0839c41d0d1e31eeed90","name":"Martina","image":{"@type":"ImageObject","inLanguage":"de-AT","@id":"https:\/\/praxis-kubacek.at\/wp-content\/uploads\/2024\/11\/logo-martina-kubacek-corr.png","url":"https:\/\/praxis-kubacek.at\/wp-content\/uploads\/2024\/11\/logo-martina-kubacek-corr.png","contentUrl":"https:\/\/praxis-kubacek.at\/wp-content\/uploads\/2024\/11\/logo-martina-kubacek-corr.png","width":1500,"height":244,"caption":"Martina"},"logo":{"@id":"https:\/\/praxis-kubacek.at\/wp-content\/uploads\/2024\/11\/logo-martina-kubacek-corr.png"}}]}},"_links":{"self":[{"href":"https:\/\/praxis-kubacek.at\/index.php\/wp-json\/wp\/v2\/pages\/8","targetHints":{"allow":["GET"]}}],"collection":[{"href":"https:\/\/praxis-kubacek.at\/index.php\/wp-json\/wp\/v2\/pages"}],"about":[{"href":"https:\/\/praxis-kubacek.at\/index.php\/wp-json\/wp\/v2\/types\/page"}],"author":[{"embeddable":true,"href":"https:\/\/praxis-kubacek.at\/index.php\/wp-json\/wp\/v2\/users\/1"}],"replies":[{"embeddable":true,"href":"https:\/\/praxis-kubacek.at\/index.php\/wp-json\/wp\/v2\/comments?post=8"}],"version-history":[{"count":22,"href":"https:\/\/praxis-kubacek.at\/index.php\/wp-json\/wp\/v2\/pages\/8\/revisions"}],"predecessor-version":[{"id":208,"href":"https:\/\/praxis-kubacek.at\/index.php\/wp-json\/wp\/v2\/pages\/8\/revisions\/208"}],"wp:attachment":[{"href":"https:\/\/praxis-kubacek.at\/index.php\/wp-json\/wp\/v2\/media?parent=8"}],"curies":[{"name":"wp","href":"https:\/\/api.w.org\/{rel}","templated":true}]}}