{"id":19,"date":"2024-10-15T21:17:10","date_gmt":"2024-10-15T19:17:10","guid":{"rendered":"https:\/\/praxis-kubacek.at\/?page_id=19"},"modified":"2026-01-19T17:29:34","modified_gmt":"2026-01-19T16:29:34","slug":"kosten","status":"publish","type":"page","link":"https:\/\/praxis-kubacek.at\/index.php\/kosten\/","title":{"rendered":"Kosten"},"content":{"rendered":"<p><strong>Kosten \u2013 Mit welchen Kosten ist eine Psychotherapie verbunden?<\/strong><\/p>\n<p>Die Kosten f\u00fcr eine Sitzung (50 Minuten) liegen bei 80 Euro und sind beim Erstgespr\u00e4ch in bar zu begleichen. Eine Refundierung der Kosten durch die Krankenkasse ist derzeit leider nicht m\u00f6glich.<\/p>\n<p>&nbsp;<\/p>\n<p><strong>Absageregelung &#8211; Was ist, wenn ein Termin nicht wahrgenommen werden kann?<\/strong><\/p>\n<p>Ein mit Ihnen vereinbarter Termin ist f\u00fcr Sie reserviert und kann nicht kurzfristig vergeben werden. Falls Sie einmal verhindert sein sollten, bitte ich Sie, mich sp\u00e4testens 48 Stunden vorher zu informieren. Andernfalls muss ich leider das gesamte Honorar in Rechnung stellen.<\/p>\n","protected":false},"excerpt":{"rendered":"<p>Kosten \u2013 Mit welchen Kosten ist eine Psychotherapie verbunden? Die Kosten f\u00fcr eine Sitzung (50 Minuten) liegen bei 80 Euro und sind beim Erstgespr\u00e4ch in bar zu begleichen. Eine Refundierung der Kosten durch die Krankenkasse ist derzeit leider nicht m\u00f6glich. &nbsp; Absageregelung &#8211; Was ist, wenn ein Termin nicht wahrgenommen [&hellip;]<\/p>\n","protected":false},"author":1,"featured_media":0,"parent":0,"menu_order":0,"comment_status":"closed","ping_status":"closed","template":"","meta":{"_themeisle_gutenberg_block_has_review":false,"footnotes":""},"class_list":["post-19","page","type-page","status-publish","hentry"],"yoast_head":"<!-- This site is optimized with the Yoast SEO plugin v27.5 - https:\/\/yoast.com\/product\/yoast-seo-wordpress\/ -->\n<title>Kosten - Mag. Martina Kubacek<\/title>\n<meta name=\"description\" content=\"Psychotherapie in 1130 Wien\" \/>\n<meta name=\"robots\" content=\"index, follow, max-snippet:-1, max-image-preview:large, max-video-preview:-1\" \/>\n<link rel=\"canonical\" href=\"https:\/\/praxis-kubacek.at\/index.php\/kosten\/\" \/>\n<meta property=\"og:locale\" content=\"de_DE\" \/>\n<meta property=\"og:type\" content=\"article\" \/>\n<meta property=\"og:title\" content=\"Kosten - Mag. Martina Kubacek\" \/>\n<meta property=\"og:description\" content=\"Psychotherapie in 1130 Wien\" \/>\n<meta property=\"og:url\" content=\"https:\/\/praxis-kubacek.at\/index.php\/kosten\/\" \/>\n<meta property=\"og:site_name\" content=\"Mag. Martina Kubacek\" \/>\n<meta property=\"article:modified_time\" content=\"2026-01-19T16:29:34+00:00\" \/>\n<meta name=\"twitter:card\" content=\"summary_large_image\" \/>\n<script type=\"application\/ld+json\" class=\"yoast-schema-graph\">{\"@context\":\"https:\\\/\\\/schema.org\",\"@graph\":[{\"@type\":\"WebPage\",\"@id\":\"https:\\\/\\\/praxis-kubacek.at\\\/index.php\\\/kosten\\\/\",\"url\":\"https:\\\/\\\/praxis-kubacek.at\\\/index.php\\\/kosten\\\/\",\"name\":\"Kosten - Mag. Martina Kubacek\",\"isPartOf\":{\"@id\":\"https:\\\/\\\/praxis-kubacek.at\\\/#website\"},\"datePublished\":\"2024-10-15T19:17:10+00:00\",\"dateModified\":\"2026-01-19T16:29:34+00:00\",\"description\":\"Psychotherapie in 1130 Wien\",\"breadcrumb\":{\"@id\":\"https:\\\/\\\/praxis-kubacek.at\\\/index.php\\\/kosten\\\/#breadcrumb\"},\"inLanguage\":\"de-AT\",\"potentialAction\":[{\"@type\":\"ReadAction\",\"target\":[\"https:\\\/\\\/praxis-kubacek.at\\\/index.php\\\/kosten\\\/\"]}]},{\"@type\":\"BreadcrumbList\",\"@id\":\"https:\\\/\\\/praxis-kubacek.at\\\/index.php\\\/kosten\\\/#breadcrumb\",\"itemListElement\":[{\"@type\":\"ListItem\",\"position\":1,\"name\":\"Startseite\",\"item\":\"https:\\\/\\\/praxis-kubacek.at\\\/\"},{\"@type\":\"ListItem\",\"position\":2,\"name\":\"Kosten\"}]},{\"@type\":\"WebSite\",\"@id\":\"https:\\\/\\\/praxis-kubacek.at\\\/#website\",\"url\":\"https:\\\/\\\/praxis-kubacek.at\\\/\",\"name\":\"Mag. Martina Kubacek\",\"description\":\"\",\"publisher\":{\"@id\":\"https:\\\/\\\/praxis-kubacek.at\\\/#\\\/schema\\\/person\\\/2d80395b42fc0839c41d0d1e31eeed90\"},\"alternateName\":\"Psychotherapeutin in Ausbildung unter Supervision\",\"potentialAction\":[{\"@type\":\"SearchAction\",\"target\":{\"@type\":\"EntryPoint\",\"urlTemplate\":\"https:\\\/\\\/praxis-kubacek.at\\\/?s={search_term_string}\"},\"query-input\":{\"@type\":\"PropertyValueSpecification\",\"valueRequired\":true,\"valueName\":\"search_term_string\"}}],\"inLanguage\":\"de-AT\"},{\"@type\":[\"Person\",\"Organization\"],\"@id\":\"https:\\\/\\\/praxis-kubacek.at\\\/#\\\/schema\\\/person\\\/2d80395b42fc0839c41d0d1e31eeed90\",\"name\":\"Martina\",\"image\":{\"@type\":\"ImageObject\",\"inLanguage\":\"de-AT\",\"@id\":\"https:\\\/\\\/praxis-kubacek.at\\\/wp-content\\\/uploads\\\/2024\\\/11\\\/logo-martina-kubacek-corr.png\",\"url\":\"https:\\\/\\\/praxis-kubacek.at\\\/wp-content\\\/uploads\\\/2024\\\/11\\\/logo-martina-kubacek-corr.png\",\"contentUrl\":\"https:\\\/\\\/praxis-kubacek.at\\\/wp-content\\\/uploads\\\/2024\\\/11\\\/logo-martina-kubacek-corr.png\",\"width\":1500,\"height\":244,\"caption\":\"Martina\"},\"logo\":{\"@id\":\"https:\\\/\\\/praxis-kubacek.at\\\/wp-content\\\/uploads\\\/2024\\\/11\\\/logo-martina-kubacek-corr.png\"}}]}<\/script>\n<!-- \/ Yoast SEO plugin. -->","yoast_head_json":{"title":"Kosten - Mag. Martina Kubacek","description":"Psychotherapie in 1130 Wien","robots":{"index":"index","follow":"follow","max-snippet":"max-snippet:-1","max-image-preview":"max-image-preview:large","max-video-preview":"max-video-preview:-1"},"canonical":"https:\/\/praxis-kubacek.at\/index.php\/kosten\/","og_locale":"de_DE","og_type":"article","og_title":"Kosten - Mag. Martina Kubacek","og_description":"Psychotherapie in 1130 Wien","og_url":"https:\/\/praxis-kubacek.at\/index.php\/kosten\/","og_site_name":"Mag. Martina Kubacek","article_modified_time":"2026-01-19T16:29:34+00:00","twitter_card":"summary_large_image","schema":{"@context":"https:\/\/schema.org","@graph":[{"@type":"WebPage","@id":"https:\/\/praxis-kubacek.at\/index.php\/kosten\/","url":"https:\/\/praxis-kubacek.at\/index.php\/kosten\/","name":"Kosten - Mag. Martina Kubacek","isPartOf":{"@id":"https:\/\/praxis-kubacek.at\/#website"},"datePublished":"2024-10-15T19:17:10+00:00","dateModified":"2026-01-19T16:29:34+00:00","description":"Psychotherapie in 1130 Wien","breadcrumb":{"@id":"https:\/\/praxis-kubacek.at\/index.php\/kosten\/#breadcrumb"},"inLanguage":"de-AT","potentialAction":[{"@type":"ReadAction","target":["https:\/\/praxis-kubacek.at\/index.php\/kosten\/"]}]},{"@type":"BreadcrumbList","@id":"https:\/\/praxis-kubacek.at\/index.php\/kosten\/#breadcrumb","itemListElement":[{"@type":"ListItem","position":1,"name":"Startseite","item":"https:\/\/praxis-kubacek.at\/"},{"@type":"ListItem","position":2,"name":"Kosten"}]},{"@type":"WebSite","@id":"https:\/\/praxis-kubacek.at\/#website","url":"https:\/\/praxis-kubacek.at\/","name":"Mag. Martina Kubacek","description":"","publisher":{"@id":"https:\/\/praxis-kubacek.at\/#\/schema\/person\/2d80395b42fc0839c41d0d1e31eeed90"},"alternateName":"Psychotherapeutin in Ausbildung unter Supervision","potentialAction":[{"@type":"SearchAction","target":{"@type":"EntryPoint","urlTemplate":"https:\/\/praxis-kubacek.at\/?s={search_term_string}"},"query-input":{"@type":"PropertyValueSpecification","valueRequired":true,"valueName":"search_term_string"}}],"inLanguage":"de-AT"},{"@type":["Person","Organization"],"@id":"https:\/\/praxis-kubacek.at\/#\/schema\/person\/2d80395b42fc0839c41d0d1e31eeed90","name":"Martina","image":{"@type":"ImageObject","inLanguage":"de-AT","@id":"https:\/\/praxis-kubacek.at\/wp-content\/uploads\/2024\/11\/logo-martina-kubacek-corr.png","url":"https:\/\/praxis-kubacek.at\/wp-content\/uploads\/2024\/11\/logo-martina-kubacek-corr.png","contentUrl":"https:\/\/praxis-kubacek.at\/wp-content\/uploads\/2024\/11\/logo-martina-kubacek-corr.png","width":1500,"height":244,"caption":"Martina"},"logo":{"@id":"https:\/\/praxis-kubacek.at\/wp-content\/uploads\/2024\/11\/logo-martina-kubacek-corr.png"}}]}},"_links":{"self":[{"href":"https:\/\/praxis-kubacek.at\/index.php\/wp-json\/wp\/v2\/pages\/19","targetHints":{"allow":["GET"]}}],"collection":[{"href":"https:\/\/praxis-kubacek.at\/index.php\/wp-json\/wp\/v2\/pages"}],"about":[{"href":"https:\/\/praxis-kubacek.at\/index.php\/wp-json\/wp\/v2\/types\/page"}],"author":[{"embeddable":true,"href":"https:\/\/praxis-kubacek.at\/index.php\/wp-json\/wp\/v2\/users\/1"}],"replies":[{"embeddable":true,"href":"https:\/\/praxis-kubacek.at\/index.php\/wp-json\/wp\/v2\/comments?post=19"}],"version-history":[{"count":9,"href":"https:\/\/praxis-kubacek.at\/index.php\/wp-json\/wp\/v2\/pages\/19\/revisions"}],"predecessor-version":[{"id":185,"href":"https:\/\/praxis-kubacek.at\/index.php\/wp-json\/wp\/v2\/pages\/19\/revisions\/185"}],"wp:attachment":[{"href":"https:\/\/praxis-kubacek.at\/index.php\/wp-json\/wp\/v2\/media?parent=19"}],"curies":[{"name":"wp","href":"https:\/\/api.w.org\/{rel}","templated":true}]}}