{"id":16,"date":"2024-10-15T21:16:37","date_gmt":"2024-10-15T19:16:37","guid":{"rendered":"https:\/\/praxis-kubacek.at\/?page_id=16"},"modified":"2026-05-08T21:04:23","modified_gmt":"2026-05-08T19:04:23","slug":"ablauf","status":"publish","type":"page","link":"https:\/\/praxis-kubacek.at\/index.php\/ablauf\/","title":{"rendered":"Ablauf"},"content":{"rendered":"<p><strong>Wie oft findet Psychotherapie statt und wie lange dauert sie?<\/strong><\/p>\n<p>Zun\u00e4chst vereinbaren wir drei Erstgespr\u00e4che, in denen wir einander kennenlernen und Ihre Anliegen kl\u00e4ren. Danach entscheiden wir gemeinsam \u00fcber die f\u00fcr Sie passende Therapie.<\/p>\n<p>Psychoanalytisch orientierte Psychotherapie findet regelm\u00e4\u00dfig ein- bis zweimal pro Woche statt. Die Dauer ist variabel und h\u00e4ngt einerseits von Ihren Zielen und W\u00fcnschen und andererseits vom Verlauf ab.<\/p>\n<p>&nbsp;<\/p>\n<p><strong>Verschwiegenheitspflicht &#8211; Wie vertraulich sind unsere Gespr\u00e4che?<\/strong><\/p>\n<p>Alle PsychotherapeutInnen unterliegen einer strengen gesetzlichen Verschwiegenheitspflicht (\u00a7 15 Psychotherapiegesetz).<\/p>\n<p>Das hei\u00dft, dass ich nichts an Dritte weitergeben darf, sofern keine unmittelbare Gefahr f\u00fcr die Patientin\/den Patienten oder eine andere Person besteht.<\/p>\n<p>&nbsp;<\/p>\n<p><strong>Absageregelung &#8211; Was ist, wenn ein Termin nicht wahrgenommen werden kann?<\/strong><\/p>\n<p>Ein mit Ihnen vereinbarter Termin ist f\u00fcr Sie reserviert und kann nicht kurzfristig vergeben werden. Falls Sie einmal verhindert sein sollten, bitte ich Sie, mich sp\u00e4testens 48 Stunden vorher zu informieren. Andernfalls muss ich leider das gesamte Honorar in Rechnung stellen.<\/p>\n<p>&nbsp;<\/p>\n","protected":false},"excerpt":{"rendered":"<p>Wie oft findet Psychotherapie statt und wie lange dauert sie? Zun\u00e4chst vereinbaren wir drei Erstgespr\u00e4che, in denen wir einander kennenlernen und Ihre Anliegen kl\u00e4ren. Danach entscheiden wir gemeinsam \u00fcber die f\u00fcr Sie passende Therapie. Psychoanalytisch orientierte Psychotherapie findet regelm\u00e4\u00dfig ein- bis zweimal pro Woche statt. Die Dauer ist variabel und [&hellip;]<\/p>\n","protected":false},"author":1,"featured_media":0,"parent":0,"menu_order":0,"comment_status":"closed","ping_status":"closed","template":"","meta":{"_themeisle_gutenberg_block_has_review":false,"footnotes":""},"class_list":["post-16","page","type-page","status-publish","hentry"],"yoast_head":"<!-- This site is optimized with the Yoast SEO plugin v27.5 - https:\/\/yoast.com\/product\/yoast-seo-wordpress\/ -->\n<title>Ablauf - Mag. Martina Kubacek<\/title>\n<meta name=\"description\" content=\"Psychotherapie in 1130 Wien\" \/>\n<meta name=\"robots\" content=\"index, follow, max-snippet:-1, max-image-preview:large, max-video-preview:-1\" \/>\n<link rel=\"canonical\" href=\"https:\/\/praxis-kubacek.at\/index.php\/ablauf\/\" \/>\n<meta property=\"og:locale\" content=\"de_DE\" \/>\n<meta property=\"og:type\" content=\"article\" \/>\n<meta property=\"og:title\" content=\"Ablauf - Mag. Martina Kubacek\" \/>\n<meta property=\"og:description\" content=\"Psychotherapie in 1130 Wien\" \/>\n<meta property=\"og:url\" content=\"https:\/\/praxis-kubacek.at\/index.php\/ablauf\/\" \/>\n<meta property=\"og:site_name\" content=\"Mag. Martina Kubacek\" \/>\n<meta property=\"article:modified_time\" content=\"2026-05-08T19:04:23+00:00\" \/>\n<meta name=\"twitter:card\" content=\"summary_large_image\" \/>\n<meta name=\"twitter:label1\" content=\"Gesch\u00e4tzte Lesezeit\" \/>\n\t<meta name=\"twitter:data1\" content=\"1 Minute\" \/>\n<script type=\"application\/ld+json\" class=\"yoast-schema-graph\">{\"@context\":\"https:\\\/\\\/schema.org\",\"@graph\":[{\"@type\":\"WebPage\",\"@id\":\"https:\\\/\\\/praxis-kubacek.at\\\/index.php\\\/ablauf\\\/\",\"url\":\"https:\\\/\\\/praxis-kubacek.at\\\/index.php\\\/ablauf\\\/\",\"name\":\"Ablauf - Mag. Martina Kubacek\",\"isPartOf\":{\"@id\":\"https:\\\/\\\/praxis-kubacek.at\\\/#website\"},\"datePublished\":\"2024-10-15T19:16:37+00:00\",\"dateModified\":\"2026-05-08T19:04:23+00:00\",\"description\":\"Psychotherapie in 1130 Wien\",\"breadcrumb\":{\"@id\":\"https:\\\/\\\/praxis-kubacek.at\\\/index.php\\\/ablauf\\\/#breadcrumb\"},\"inLanguage\":\"de-AT\",\"potentialAction\":[{\"@type\":\"ReadAction\",\"target\":[\"https:\\\/\\\/praxis-kubacek.at\\\/index.php\\\/ablauf\\\/\"]}]},{\"@type\":\"BreadcrumbList\",\"@id\":\"https:\\\/\\\/praxis-kubacek.at\\\/index.php\\\/ablauf\\\/#breadcrumb\",\"itemListElement\":[{\"@type\":\"ListItem\",\"position\":1,\"name\":\"Startseite\",\"item\":\"https:\\\/\\\/praxis-kubacek.at\\\/\"},{\"@type\":\"ListItem\",\"position\":2,\"name\":\"Ablauf\"}]},{\"@type\":\"WebSite\",\"@id\":\"https:\\\/\\\/praxis-kubacek.at\\\/#website\",\"url\":\"https:\\\/\\\/praxis-kubacek.at\\\/\",\"name\":\"Mag. Martina Kubacek\",\"description\":\"\",\"publisher\":{\"@id\":\"https:\\\/\\\/praxis-kubacek.at\\\/#\\\/schema\\\/person\\\/2d80395b42fc0839c41d0d1e31eeed90\"},\"alternateName\":\"Psychotherapeutin in Ausbildung unter Supervision\",\"potentialAction\":[{\"@type\":\"SearchAction\",\"target\":{\"@type\":\"EntryPoint\",\"urlTemplate\":\"https:\\\/\\\/praxis-kubacek.at\\\/?s={search_term_string}\"},\"query-input\":{\"@type\":\"PropertyValueSpecification\",\"valueRequired\":true,\"valueName\":\"search_term_string\"}}],\"inLanguage\":\"de-AT\"},{\"@type\":[\"Person\",\"Organization\"],\"@id\":\"https:\\\/\\\/praxis-kubacek.at\\\/#\\\/schema\\\/person\\\/2d80395b42fc0839c41d0d1e31eeed90\",\"name\":\"Martina\",\"image\":{\"@type\":\"ImageObject\",\"inLanguage\":\"de-AT\",\"@id\":\"https:\\\/\\\/praxis-kubacek.at\\\/wp-content\\\/uploads\\\/2024\\\/11\\\/logo-martina-kubacek-corr.png\",\"url\":\"https:\\\/\\\/praxis-kubacek.at\\\/wp-content\\\/uploads\\\/2024\\\/11\\\/logo-martina-kubacek-corr.png\",\"contentUrl\":\"https:\\\/\\\/praxis-kubacek.at\\\/wp-content\\\/uploads\\\/2024\\\/11\\\/logo-martina-kubacek-corr.png\",\"width\":1500,\"height\":244,\"caption\":\"Martina\"},\"logo\":{\"@id\":\"https:\\\/\\\/praxis-kubacek.at\\\/wp-content\\\/uploads\\\/2024\\\/11\\\/logo-martina-kubacek-corr.png\"}}]}<\/script>\n<!-- \/ Yoast SEO plugin. -->","yoast_head_json":{"title":"Ablauf - Mag. Martina Kubacek","description":"Psychotherapie in 1130 Wien","robots":{"index":"index","follow":"follow","max-snippet":"max-snippet:-1","max-image-preview":"max-image-preview:large","max-video-preview":"max-video-preview:-1"},"canonical":"https:\/\/praxis-kubacek.at\/index.php\/ablauf\/","og_locale":"de_DE","og_type":"article","og_title":"Ablauf - Mag. Martina Kubacek","og_description":"Psychotherapie in 1130 Wien","og_url":"https:\/\/praxis-kubacek.at\/index.php\/ablauf\/","og_site_name":"Mag. Martina Kubacek","article_modified_time":"2026-05-08T19:04:23+00:00","twitter_card":"summary_large_image","twitter_misc":{"Gesch\u00e4tzte Lesezeit":"1 Minute"},"schema":{"@context":"https:\/\/schema.org","@graph":[{"@type":"WebPage","@id":"https:\/\/praxis-kubacek.at\/index.php\/ablauf\/","url":"https:\/\/praxis-kubacek.at\/index.php\/ablauf\/","name":"Ablauf - Mag. Martina Kubacek","isPartOf":{"@id":"https:\/\/praxis-kubacek.at\/#website"},"datePublished":"2024-10-15T19:16:37+00:00","dateModified":"2026-05-08T19:04:23+00:00","description":"Psychotherapie in 1130 Wien","breadcrumb":{"@id":"https:\/\/praxis-kubacek.at\/index.php\/ablauf\/#breadcrumb"},"inLanguage":"de-AT","potentialAction":[{"@type":"ReadAction","target":["https:\/\/praxis-kubacek.at\/index.php\/ablauf\/"]}]},{"@type":"BreadcrumbList","@id":"https:\/\/praxis-kubacek.at\/index.php\/ablauf\/#breadcrumb","itemListElement":[{"@type":"ListItem","position":1,"name":"Startseite","item":"https:\/\/praxis-kubacek.at\/"},{"@type":"ListItem","position":2,"name":"Ablauf"}]},{"@type":"WebSite","@id":"https:\/\/praxis-kubacek.at\/#website","url":"https:\/\/praxis-kubacek.at\/","name":"Mag. Martina Kubacek","description":"","publisher":{"@id":"https:\/\/praxis-kubacek.at\/#\/schema\/person\/2d80395b42fc0839c41d0d1e31eeed90"},"alternateName":"Psychotherapeutin in Ausbildung unter Supervision","potentialAction":[{"@type":"SearchAction","target":{"@type":"EntryPoint","urlTemplate":"https:\/\/praxis-kubacek.at\/?s={search_term_string}"},"query-input":{"@type":"PropertyValueSpecification","valueRequired":true,"valueName":"search_term_string"}}],"inLanguage":"de-AT"},{"@type":["Person","Organization"],"@id":"https:\/\/praxis-kubacek.at\/#\/schema\/person\/2d80395b42fc0839c41d0d1e31eeed90","name":"Martina","image":{"@type":"ImageObject","inLanguage":"de-AT","@id":"https:\/\/praxis-kubacek.at\/wp-content\/uploads\/2024\/11\/logo-martina-kubacek-corr.png","url":"https:\/\/praxis-kubacek.at\/wp-content\/uploads\/2024\/11\/logo-martina-kubacek-corr.png","contentUrl":"https:\/\/praxis-kubacek.at\/wp-content\/uploads\/2024\/11\/logo-martina-kubacek-corr.png","width":1500,"height":244,"caption":"Martina"},"logo":{"@id":"https:\/\/praxis-kubacek.at\/wp-content\/uploads\/2024\/11\/logo-martina-kubacek-corr.png"}}]}},"_links":{"self":[{"href":"https:\/\/praxis-kubacek.at\/index.php\/wp-json\/wp\/v2\/pages\/16","targetHints":{"allow":["GET"]}}],"collection":[{"href":"https:\/\/praxis-kubacek.at\/index.php\/wp-json\/wp\/v2\/pages"}],"about":[{"href":"https:\/\/praxis-kubacek.at\/index.php\/wp-json\/wp\/v2\/types\/page"}],"author":[{"embeddable":true,"href":"https:\/\/praxis-kubacek.at\/index.php\/wp-json\/wp\/v2\/users\/1"}],"replies":[{"embeddable":true,"href":"https:\/\/praxis-kubacek.at\/index.php\/wp-json\/wp\/v2\/comments?post=16"}],"version-history":[{"count":9,"href":"https:\/\/praxis-kubacek.at\/index.php\/wp-json\/wp\/v2\/pages\/16\/revisions"}],"predecessor-version":[{"id":214,"href":"https:\/\/praxis-kubacek.at\/index.php\/wp-json\/wp\/v2\/pages\/16\/revisions\/214"}],"wp:attachment":[{"href":"https:\/\/praxis-kubacek.at\/index.php\/wp-json\/wp\/v2\/media?parent=16"}],"curies":[{"name":"wp","href":"https:\/\/api.w.org\/{rel}","templated":true}]}}